{"id":393,"date":"2021-12-12T20:30:22","date_gmt":"2021-12-12T20:30:22","guid":{"rendered":"http:\/\/hydrabooks.dk\/?page_id=393"},"modified":"2025-01-18T13:21:39","modified_gmt":"2025-01-18T12:21:39","slug":"faengselshandbogen","status":"publish","type":"page","link":"https:\/\/hydrabooks.dk\/index.php\/faengselshandbogen\/","title":{"rendered":"F\u00e6ngselsh\u00e5ndbogen"},"content":{"rendered":"\n<p>Den 10. august 2021 udgav Hydra B\u00f8ger <em>F\u00e6ngselsh\u00e5ndbogen: en guide til p\u00e5r\u00f8rende og indsatte<\/em> af journalist Andreas Rasmussen.<\/p>\n\n\n\n<p>Bogen kan downloades gratis p\u00e5 <a href=\"https:\/\/faengselshaandbogen.dk\/\" data-type=\"URL\" target=\"_blank\" rel=\"noreferrer noopener\">faengselshaandbogen.dk<\/a> samt k\u00f8bes i <a href=\"https:\/\/barrikaden.dk\/\" data-type=\"URL\" data-id=\"https:\/\/barrikaden.dk\/\">Bogcaf\u00e9en Barrikaden<\/a>, <a href=\"https:\/\/www.spidsroden.dk\/\" data-type=\"URL\" data-id=\"https:\/\/www.spidsroden.dk\/\">Spidsroden<\/a>, <a href=\"https:\/\/www.bogcafeenhalmtorvet.org\/\" data-type=\"URL\" data-id=\"https:\/\/www.bogcafeenhalmtorvet.org\/\">Bogcaf\u00e9en Halmtorvet<\/a>, <a href=\"https:\/\/demos.dk\/demos-butikken\/\" data-type=\"URL\" data-id=\"https:\/\/demos.dk\/demos-butikken\/\">Demos Butikken<\/a>, <a href=\"http:\/\/bokhandelninfo.se\/\" data-type=\"URL\" data-id=\"http:\/\/bokhandelninfo.se\/\">Bokhandeln INFo<\/a> og de store net-boghandlere som <a href=\"https:\/\/www.saxo.com\/dk\/faengselshaandbogen-en-guide-til-paaroerende-og-indsatte_andreas-rasmussen_paperback_9788799411986\" data-type=\"URL\" data-id=\"https:\/\/www.saxo.com\/dk\/faengselshaandbogen-en-guide-til-paaroerende-og-indsatte_andreas-rasmussen_paperback_9788799411986\">saxo.com<\/a>, <a href=\"https:\/\/www.bog-ide.dk\/produkt\/3654764\/andreas-rasmussen-faengselshandbogen-en-guide-til-paroerende-og-indsatte-paperback\/2952871\" data-type=\"URL\" data-id=\"https:\/\/www.bog-ide.dk\/produkt\/3654764\/andreas-rasmussen-faengselshandbogen-en-guide-til-paroerende-og-indsatte-paperback\/2952871\">bog-ide.dk<\/a>, <a href=\"https:\/\/www.plusbog.dk\/faengselshaandbogen-en-guide-til-paaroerende-og-indsatte-andreas-rasmussen-9788799411986#\" data-type=\"URL\" data-id=\"https:\/\/www.plusbog.dk\/faengselshaandbogen-en-guide-til-paaroerende-og-indsatte-andreas-rasmussen-9788799411986#\">plusbog.dk<\/a>, <a href=\"https:\/\/www.williamdam.dk\/danske-boeger\/faengselshaandbogen-en-guide-til-paaroerende-og-indsatte__2447727\" data-type=\"URL\" data-id=\"https:\/\/www.williamdam.dk\/danske-boeger\/faengselshaandbogen-en-guide-til-paaroerende-og-indsatte__2447727\">williamdam.dk<\/a> og <a href=\"https:\/\/tales.dk\/faengselshaandbogen-en-guide-til-paaroerende-og-indsatte_andreas-rasmussen_9788799411986\" data-type=\"URL\" data-id=\"https:\/\/tales.dk\/faengselshaandbogen-en-guide-til-paaroerende-og-indsatte_andreas-rasmussen_9788799411986\">tales.dk<\/a>.<\/p>\n\n\n\n<p><strong>Om bogen<\/strong><br>N\u00e5r man bliver involveret i en straffesag, kan man st\u00e5 med mange sp\u00f8rgsm\u00e5l: Skal jeg udtale mig, hvis politiet vil afh\u00f8re mig? Hvordan v\u00e6lger jeg den rigtige advokat? Hvordan snakker jeg med mine b\u00f8rn om, at jeg skal i f\u00e6ngsel? Hvem kan hj\u00e6lpe mig, n\u00e5r jeg bliver l\u00f8sladt?<\/p>\n\n\n\n<p>Det samme g\u00e6lder som p\u00e5r\u00f8rende til en indsat. Hvad m\u00e5 jeg indlevere? Hvorn\u00e5r kan jeg komme p\u00e5 bes\u00f8g? Hvorfor vil advokaten ikke fort\u00e6lle noget om sagen? Hvor kan jeg f\u00e5 st\u00f8tte?<\/p>\n\n\n\n<p>De sp\u00f8rgsm\u00e5l, og mange andre, f\u00e5r du svar p\u00e5 i denne bog. Den indeholder praktiske oplysninger, brugbare erfaringer fra tidligere indsatte og p\u00e5r\u00f8rende og gode r\u00e5d fra fagfolk p\u00e5 omr\u00e5det.<\/p>\n\n\n\n<figure class=\"wp-block-gallery columns-1 is-cropped\"><ul class=\"blocks-gallery-grid\"><li class=\"blocks-gallery-item\"><figure><img loading=\"lazy\" width=\"1024\" height=\"538\" src=\"https:\/\/hydrabooks.dk\/wp-content\/uploads\/2021\/08\/Facebook-Post-\u2013-1-1024x538.png\" alt=\"\" data-id=\"399\" data-full-url=\"https:\/\/hydrabooks.dk\/wp-content\/uploads\/2021\/08\/Facebook-Post-\u2013-1.png\" data-link=\"https:\/\/hydrabooks.dk\/?attachment_id=399\" class=\"wp-image-399\" srcset=\"https:\/\/hydrabooks.dk\/wp-content\/uploads\/2021\/08\/Facebook-Post-\u2013-1-1024x538.png 1024w, https:\/\/hydrabooks.dk\/wp-content\/uploads\/2021\/08\/Facebook-Post-\u2013-1-300x158.png 300w, https:\/\/hydrabooks.dk\/wp-content\/uploads\/2021\/08\/Facebook-Post-\u2013-1-768x403.png 768w, https:\/\/hydrabooks.dk\/wp-content\/uploads\/2021\/08\/Facebook-Post-\u2013-1.png 1200w\" sizes=\"(max-width: 1024px) 100vw, 1024px\" \/><\/figure><\/li><\/ul><\/figure>\n\n\n\n<p>Forfatter: Andreas Rasmussen<br>Sidetal: 225 sider<br>Sprog: Dansk<br>Forlag: Hydra B\u00f8ger<br>Udgavelsesdato: 10. august 2021<br>St\u00f8rrelse: 22,1 \u00d7 15,6 \u00d7 1,7 cm<br>V\u00e6gt: 526 g.<br>Format: Paperback<br>1. udgave, 1. oplag<br>Oplag: 1.500 stk.<br>ISBN 978-87-994119-8-6<br>Layout og illustrationer: <a href=\"https:\/\/www.rabotnik.coop\/\">Rabotnik<\/a><br>St\u00f8ttet af: 3F&#8217;s Medie- og Kulturfond, Gr\u00e6srodsfonden, Hagens Legat, Kambium, Lademanns Fond, Merkur Fonden, R\u00f8d Fond, Sportgoodsfonden, Susi og Peter Robinsohns Fond og private donorer.<\/p>\n\n\n\n<p>F\u00e6ngselsh\u00e5ndbogen \u2013 en guide til indsatte og p\u00e5r\u00f8rende \u00a9 2021 af Andreas Rasmussen er licenseret under Kreditering-Ikkekommerciel-Deling p\u00e5 samme vilk\u00e5r 4.0 International (CC BY-NC-SA 4.0). Se en kopi af denne licens p\u00e5 <a href=\"http:\/\/creativecommons.org\/licenses\/by-nc-sa\/4.0\/\">http:\/\/creativecommons.org\/licenses\/by-nc-sa\/4.0\/<\/a>.<\/p>\n","protected":false},"excerpt":{"rendered":"<p>Den 10. august 2021 udgav Hydra B\u00f8ger F\u00e6ngselsh\u00e5ndbogen: en guide til p\u00e5r\u00f8rende og indsatte af journalist Andreas Rasmussen. Bogen kan downloades gratis p\u00e5 faengselshaandbogen.dk samt k\u00f8bes i Bogcaf\u00e9en Barrikaden, Spidsroden, Bogcaf\u00e9en Halmtorvet, Demos Butikken, Bokhandeln INFo og de store net-boghandlere som saxo.com, bog-ide.dk, plusbog.dk, williamdam.dk og tales.dk. Om bogenN\u00e5r man bliver involveret i en straffesag,&#8230;<\/p>\n","protected":false},"author":6,"featured_media":0,"parent":0,"menu_order":0,"comment_status":"closed","ping_status":"closed","template":"","meta":[],"_links":{"self":[{"href":"https:\/\/hydrabooks.dk\/index.php\/wp-json\/wp\/v2\/pages\/393"}],"collection":[{"href":"https:\/\/hydrabooks.dk\/index.php\/wp-json\/wp\/v2\/pages"}],"about":[{"href":"https:\/\/hydrabooks.dk\/index.php\/wp-json\/wp\/v2\/types\/page"}],"author":[{"embeddable":true,"href":"https:\/\/hydrabooks.dk\/index.php\/wp-json\/wp\/v2\/users\/6"}],"replies":[{"embeddable":true,"href":"https:\/\/hydrabooks.dk\/index.php\/wp-json\/wp\/v2\/comments?post=393"}],"version-history":[{"count":9,"href":"https:\/\/hydrabooks.dk\/index.php\/wp-json\/wp\/v2\/pages\/393\/revisions"}],"predecessor-version":[{"id":543,"href":"https:\/\/hydrabooks.dk\/index.php\/wp-json\/wp\/v2\/pages\/393\/revisions\/543"}],"wp:attachment":[{"href":"https:\/\/hydrabooks.dk\/index.php\/wp-json\/wp\/v2\/media?parent=393"}],"curies":[{"name":"wp","href":"https:\/\/api.w.org\/{rel}","templated":true}]}}