{"id":412,"date":"2021-12-13T01:30:34","date_gmt":"2021-12-13T01:30:34","guid":{"rendered":"https:\/\/hydrabooks.dk\/?page_id=412"},"modified":"2025-08-31T18:53:38","modified_gmt":"2025-08-31T17:53:38","slug":"farligere-end-1000-oprorere","status":"publish","type":"page","link":"https:\/\/hydrabooks.dk\/index.php\/farligere-end-1000-oprorere\/","title":{"rendered":"Farligere end 1000 opr\u00f8rere"},"content":{"rendered":"\n<p>Den 13. december 2021 udgav Hydra B\u00f8ger bogen <em><em>Farligere end 1000 opr\u00f8rere<\/em>: tekster af Lucy Parsons<\/em>, som kan downloades herunder. <\/p>\n\n\n\n<p>Bogen er anden udgivelse i Hydra B\u00f8gers booklet-serie <em>En ny verden i vores hjerter<\/em>. I marts 2021 udkom bogen <em><a href=\"https:\/\/hydrabooks.dk\/index.php\/revolution-er-mere-end-et-ord-af-gabriel-kuhn\/\" data-type=\"URL\" data-id=\"https:\/\/hydrabooks.dk\/index.php\/revolution-er-mere-end-et-ord-af-gabriel-kuhn\/\">Revolution er mere end et ord: 23 teser om anarkisme<\/a><\/em>\u00a0af Gabriel Kuhn endvidere i samme serie.<\/p>\n\n\n\n<ul><li><a href=\"https:\/\/hydrabooks.dk\/wp-content\/uploads\/2021\/12\/Farligere-end-1000-oprorere.pdf\">Farligere end 1000 opr\u00f8rere: tekster af Lucy Parsons<\/a> (PDF)<\/li><li><a href=\"https:\/\/hydrabooks.dk\/wp-content\/uploads\/2025\/08\/Hydra-2021-Farligere-end-1000-oprorere-Tekster-af-Lucy-Parsons.epub\">Farligere end 1000 opr\u00f8rere: tekster af Lucy Parsons<\/a> (EPUB)<\/li><\/ul>\n\n\n\n<p>De engelske originaltekster kan i vid udstr\u00e6kning findes p\u00e5 <a href=\"https:\/\/theanarchistlibrary.org\/category\/author\/lucy-e-parsons\" data-type=\"URL\" data-id=\"https:\/\/theanarchistlibrary.org\/category\/author\/lucy-e-parsons\" target=\"_blank\" rel=\"noreferrer noopener\">The Anarchist Library<\/a>.<\/p>\n\n\n\n<figure class=\"wp-block-gallery columns-1 is-cropped\"><ul class=\"blocks-gallery-grid\"><li class=\"blocks-gallery-item\"><figure>\n<a href=\"https:\/\/hydrabooks.dk\/index.php\/butik\/\">\n<img loading=\"lazy\" width=\"1024\" height=\"577\" src=\"https:\/\/hydrabooks.dk\/wp-content\/uploads\/2021\/12\/signal-2021-10-31-131825_006-1024x577.png\" alt=\"\" data-id=\"418\" data-full-url=\"https:\/\/hydrabooks.dk\/wp-content\/uploads\/2021\/12\/signal-2021-10-31-131825_006.png\" data-link=\"https:\/\/hydrabooks.dk\/signal-2021-10-31-131825_006\/\" class=\"wp-image-418\" srcset=\"https:\/\/hydrabooks.dk\/wp-content\/uploads\/2021\/12\/signal-2021-10-31-131825_006-1024x577.png 1024w, https:\/\/hydrabooks.dk\/wp-content\/uploads\/2021\/12\/signal-2021-10-31-131825_006-300x169.png 300w, https:\/\/hydrabooks.dk\/wp-content\/uploads\/2021\/12\/signal-2021-10-31-131825_006-768x432.png 768w, https:\/\/hydrabooks.dk\/wp-content\/uploads\/2021\/12\/signal-2021-10-31-131825_006-1536x865.png 1536w, https:\/\/hydrabooks.dk\/wp-content\/uploads\/2021\/12\/signal-2021-10-31-131825_006.png 1600w\" sizes=\"(max-width: 1024px) 100vw, 1024px\" \/><\/a><\/figure><\/li><\/ul><\/figure>\n\n\n\n<p>Forfatter: Lucy Parsons<br>Overs\u00e6tter: Mikkel Str\u00f8msted<br>Sidetal: 88 sider<br>Sprog: Dansk<br>Forlag: Hydra B\u00f8ger<br>Udgivelsesdato: 13. december 2021 <br>St\u00f8rrelse: 185 \u00d7 120 \u00d7 0,74 cm<br>V\u00e6gt: 111 g<br>Format: Softcover<br>Serie: En ny verden i vores hjerter | 2<br>1. udgave, 1. oplag<br>ISBN 978-87-994119-2-4<br>Grafik: <a href=\"http:\/\/rabotnik.coop\" data-type=\"URL\" data-id=\"rabotnik.coop\">Rabotnik<\/a><br>St\u00f8ttet af: Statens Kunstfond &amp; Gr\u00e6srodsfonden<br>Originalsprog: Engelsk<br><br>The work is licensed under the Creative Commons Attribution-NonCommercial-ShareAlike 4.0 International License.<\/p>\n","protected":false},"excerpt":{"rendered":"<p>Den 13. december 2021 udgav Hydra B\u00f8ger bogen Farligere end 1000 opr\u00f8rere: tekster af Lucy Parsons, som kan downloades herunder. Bogen er anden udgivelse i Hydra B\u00f8gers booklet-serie En ny verden i vores hjerter. I marts 2021 udkom bogen Revolution er mere end et ord: 23 teser om anarkisme\u00a0af Gabriel Kuhn endvidere i samme serie&#8230;.<\/p>\n","protected":false},"author":6,"featured_media":0,"parent":0,"menu_order":0,"comment_status":"closed","ping_status":"closed","template":"","meta":[],"_links":{"self":[{"href":"https:\/\/hydrabooks.dk\/index.php\/wp-json\/wp\/v2\/pages\/412"}],"collection":[{"href":"https:\/\/hydrabooks.dk\/index.php\/wp-json\/wp\/v2\/pages"}],"about":[{"href":"https:\/\/hydrabooks.dk\/index.php\/wp-json\/wp\/v2\/types\/page"}],"author":[{"embeddable":true,"href":"https:\/\/hydrabooks.dk\/index.php\/wp-json\/wp\/v2\/users\/6"}],"replies":[{"embeddable":true,"href":"https:\/\/hydrabooks.dk\/index.php\/wp-json\/wp\/v2\/comments?post=412"}],"version-history":[{"count":16,"href":"https:\/\/hydrabooks.dk\/index.php\/wp-json\/wp\/v2\/pages\/412\/revisions"}],"predecessor-version":[{"id":891,"href":"https:\/\/hydrabooks.dk\/index.php\/wp-json\/wp\/v2\/pages\/412\/revisions\/891"}],"wp:attachment":[{"href":"https:\/\/hydrabooks.dk\/index.php\/wp-json\/wp\/v2\/media?parent=412"}],"curies":[{"name":"wp","href":"https:\/\/api.w.org\/{rel}","templated":true}]}}