{"id":8,"date":"2019-11-26T22:19:53","date_gmt":"2019-11-26T22:19:53","guid":{"rendered":"http:\/\/hydrabooks.dk\/?page_id=8"},"modified":"2025-07-28T20:11:43","modified_gmt":"2025-07-28T19:11:43","slug":"home","status":"publish","type":"page","link":"https:\/\/hydrabooks.dk\/","title":{"rendered":"Om os"},"content":{"rendered":"\n<p>Hydra B\u00f8ger er et anarkistisk forlag, der drives af frivillige p\u00e5 non-profit basis.<\/p>\n\n\n\n<p>Forlagets form\u00e5l er at \u00f8ge tilg\u00e6ngeligheden af anarkistiske, antiautorit\u00e6re og progressive tekster p\u00e5 dansk, bl.a. ved overs\u00e6ttelse, produktion og udgivelse af s\u00e5danne tekster.<\/p>\n\n\n\n<p><strong>Ny udgivelse i 2025: ANARKISMENS ABC<\/strong><\/p>\n\n\n\n<p>Den f\u00f8rste maj 2025 udgav Hydra B\u00f8ger en opdateret og gennemgribende revideret udgave af Alexander Berkmans klassiker: Anarkismens ABC.<\/p>\n\n\n\n<figure class=\"wp-block-image size-large\"><a href=\"https:\/\/hydrabooks.dk\/index.php\/anarkismens-abc\/\"><img loading=\"lazy\" width=\"1024\" height=\"576\" src=\"https:\/\/hydrabooks.dk\/wp-content\/uploads\/2025\/07\/Boglancering_20250411_190743_0000-1024x576.png\" alt=\"\" class=\"wp-image-857\" srcset=\"https:\/\/hydrabooks.dk\/wp-content\/uploads\/2025\/07\/Boglancering_20250411_190743_0000-1024x576.png 1024w, https:\/\/hydrabooks.dk\/wp-content\/uploads\/2025\/07\/Boglancering_20250411_190743_0000-300x169.png 300w, https:\/\/hydrabooks.dk\/wp-content\/uploads\/2025\/07\/Boglancering_20250411_190743_0000-768x432.png 768w, https:\/\/hydrabooks.dk\/wp-content\/uploads\/2025\/07\/Boglancering_20250411_190743_0000-1536x864.png 1536w, https:\/\/hydrabooks.dk\/wp-content\/uploads\/2025\/07\/Boglancering_20250411_190743_0000.png 1920w\" sizes=\"(max-width: 1024px) 100vw, 1024px\" \/><\/a><\/figure>\n\n\n\n<p class=\"has-text-align-left\">Anarkismens ABC er et af de bedste steder at begynde, hvis du vil vide noget om anarkisme. Berkman f\u00f8rer l\u00e6seren igennem de mest almindelige sp\u00f8rgsm\u00e5l om anarkisme, som var det en samtale med en god ven. For eksempel:<\/p>\n\n\n\n<p class=\"has-text-align-center\"><em>&#8220;Betyder anarkisme nu virkelig kaos og vold?&#8221;, t\u00e6nker du.<\/em><br><em>Nej, min ven, det er kapitalismen og statsmagten, som st\u00e5r for kaos og vold. <\/em><br><em>Anarkisme er lige det modsatte. Det st\u00e5r for orden uden statsmagt og fred uden vold.<\/em><\/p>\n\n\n\n<p>Bogen blev udgivet f\u00f8rste gang i 1929 som en letl\u00e6st introduktion til &#8220;kommunistisk anarkisme&#8221;, og med tiden er den blevet en klassiker, som fortjener at st\u00e5 i enhver revolution\u00e6rs bogreol.<\/p>\n\n\n\n<p><\/p>\n","protected":false},"excerpt":{"rendered":"<p>Hydra B\u00f8ger er et anarkistisk forlag, der drives af frivillige p\u00e5 non-profit basis. Forlagets form\u00e5l er at \u00f8ge tilg\u00e6ngeligheden af anarkistiske, antiautorit\u00e6re og progressive tekster p\u00e5 dansk, bl.a. ved overs\u00e6ttelse, produktion og udgivelse af s\u00e5danne tekster. Ny udgivelse i 2025: ANARKISMENS ABC Den f\u00f8rste maj 2025 udgav Hydra B\u00f8ger en opdateret og gennemgribende revideret udgave&#8230;<\/p>\n","protected":false},"author":1,"featured_media":0,"parent":0,"menu_order":0,"comment_status":"closed","ping_status":"closed","template":"","meta":[],"_links":{"self":[{"href":"https:\/\/hydrabooks.dk\/index.php\/wp-json\/wp\/v2\/pages\/8"}],"collection":[{"href":"https:\/\/hydrabooks.dk\/index.php\/wp-json\/wp\/v2\/pages"}],"about":[{"href":"https:\/\/hydrabooks.dk\/index.php\/wp-json\/wp\/v2\/types\/page"}],"author":[{"embeddable":true,"href":"https:\/\/hydrabooks.dk\/index.php\/wp-json\/wp\/v2\/users\/1"}],"replies":[{"embeddable":true,"href":"https:\/\/hydrabooks.dk\/index.php\/wp-json\/wp\/v2\/comments?post=8"}],"version-history":[{"count":37,"href":"https:\/\/hydrabooks.dk\/index.php\/wp-json\/wp\/v2\/pages\/8\/revisions"}],"predecessor-version":[{"id":862,"href":"https:\/\/hydrabooks.dk\/index.php\/wp-json\/wp\/v2\/pages\/8\/revisions\/862"}],"wp:attachment":[{"href":"https:\/\/hydrabooks.dk\/index.php\/wp-json\/wp\/v2\/media?parent=8"}],"curies":[{"name":"wp","href":"https:\/\/api.w.org\/{rel}","templated":true}]}}